{"id":6265,"date":"2026-03-19T23:40:35","date_gmt":"2026-03-19T22:40:35","guid":{"rendered":"https:\/\/dreamvoyager.fr\/?page_id=6265"},"modified":"2026-03-20T22:00:22","modified_gmt":"2026-03-20T21:00:22","slug":"festival-corps-en-mouvement","status":"publish","type":"page","link":"https:\/\/dreamvoyager.fr\/?page_id=6265","title":{"rendered":"Festival Corps en mouvement"},"content":{"rendered":"\n<figure><img data-recalc-dims=\"1\" fetchpriority=\"high\" decoding=\"async\" src=\"https:\/\/i0.wp.com\/dreamvoyager.fr\/wp-content\/uploads\/2026\/03\/Format-affiche.jpg?resize=724%2C1024&#038;ssl=1\" alt=\"\" width=\"724\" height=\"1024\" \/><\/figure>\n\n\n\n<object style=\"width: 100%; height: 600px;\" data=\"https:\/\/dreamvoyager.fr\/wp-content\/uploads\/2026\/03\/Format-affiche.pdf\" type=\"application\/pdf\" width=\"300\" height=\"150\" aria-label=\"Programme\"><\/object><a id=\"wp-block-file--media-0e50364a-6776-4733-b6a3-ceffe00106d8\" href=\"https:\/\/dreamvoyager.fr\/wp-content\/uploads\/2026\/03\/Format-affiche.pdf\">Programme<\/a><a href=\"https:\/\/dreamvoyager.fr\/wp-content\/uploads\/2026\/03\/Format-affiche.pdf\" download=\"\" aria-describedby=\"wp-block-file--media-0e50364a-6776-4733-b6a3-ceffe00106d8\">T\u00e9l\u00e9charger<\/a>\n\n\n\n<p>&nbsp;<\/p>\n\n\n<p><a href=\"https:\/\/festivalcm.online\/fr\/index.html\"><br \/>\n\t\t\t\t\t\t\t\t\tWebsite officiel<br \/>\n\t\t\t\t\t<\/a><\/p>\n\n\n<p><\/p>\n","protected":false},"excerpt":{"rendered":"<p>&nbsp; Website officiel<\/p>\n","protected":false},"author":1,"featured_media":0,"parent":0,"menu_order":0,"comment_status":"closed","ping_status":"closed","template":"","meta":{"jetpack_post_was_ever_published":false,"footnotes":""},"class_list":["post-6265","page","type-page","status-publish","hentry"],"jetpack_shortlink":"https:\/\/wp.me\/P82Biz-1D3","jetpack-related-posts":[{"id":5216,"url":"https:\/\/dreamvoyager.fr\/?page_id=5216","url_meta":{"origin":6265,"position":0},"title":"\u00c9veil","author":"rodrigo09_01","date":"10\/22\/2019","format":false,"excerpt":"\u00ab\u00a0\u00c9VEIL\u00a0\u00bb est un projet photographique qui propose une approche contemporaine des danses orientales par la jeune photographe C\u00e9line Poulet. Le projet est li\u00e9 \u00e0 la recherche chor\u00e9graphique singuli\u00e8re de la danseuse Karine Ghalmi, qui se met en sc\u00e8ne ici face \u00e0 l\u2019objectif. L\u2019\u0153il de la photographe alors complice de la\u2026","rel":"","context":"Article similaire","block_context":{"text":"Article similaire","link":""},"img":{"alt_text":"","src":"https:\/\/i0.wp.com\/dreamvoyager.fr\/wp-content\/uploads\/2019\/08\/1.jpg?resize=350%2C200","width":350,"height":200,"srcset":"https:\/\/i0.wp.com\/dreamvoyager.fr\/wp-content\/uploads\/2019\/08\/1.jpg?resize=350%2C200 1x, https:\/\/i0.wp.com\/dreamvoyager.fr\/wp-content\/uploads\/2019\/08\/1.jpg?resize=525%2C300 1.5x, https:\/\/i0.wp.com\/dreamvoyager.fr\/wp-content\/uploads\/2019\/08\/1.jpg?resize=700%2C400 2x, https:\/\/i0.wp.com\/dreamvoyager.fr\/wp-content\/uploads\/2019\/08\/1.jpg?resize=1050%2C600 3x, https:\/\/i0.wp.com\/dreamvoyager.fr\/wp-content\/uploads\/2019\/08\/1.jpg?resize=1400%2C800 4x"},"classes":[]},{"id":182,"url":"https:\/\/dreamvoyager.fr\/","url_meta":{"origin":6265,"position":1},"title":"Manifeste","author":"rodrigo09_01","date":"09\/23\/2015","format":false,"excerpt":"Portfolio 2024-2025 \ud83c\uddeb\ud83c\uddf7DV, association pluridisciplinaire r\u00e9gie par la loi 1901, \u00e9labore et coordonne des projets ainsi que des \u00e9v\u00e9nements artistiques \u2014 visuels, sonores et vivants \u2014 \u00e0 vocation sociale et contribuant \u00e0 la promotion de la sant\u00e9 globale, en France, en Colombie et sur le pourtour m\u00e9diterran\u00e9enNous sommes une association\u2026","rel":"","context":"Article similaire","block_context":{"text":"Article similaire","link":""},"img":{"alt_text":"","src":"https:\/\/i0.wp.com\/dreamvoyager.fr\/wp-content\/uploads\/2025\/10\/WhatsApp-Image-2025-10-15-at-11.37.23.jpeg?fit=794%2C1200&ssl=1&resize=350%2C200","width":350,"height":200,"srcset":"https:\/\/i0.wp.com\/dreamvoyager.fr\/wp-content\/uploads\/2025\/10\/WhatsApp-Image-2025-10-15-at-11.37.23.jpeg?fit=794%2C1200&ssl=1&resize=350%2C200 1x, https:\/\/i0.wp.com\/dreamvoyager.fr\/wp-content\/uploads\/2025\/10\/WhatsApp-Image-2025-10-15-at-11.37.23.jpeg?fit=794%2C1200&ssl=1&resize=525%2C300 1.5x, https:\/\/i0.wp.com\/dreamvoyager.fr\/wp-content\/uploads\/2025\/10\/WhatsApp-Image-2025-10-15-at-11.37.23.jpeg?fit=794%2C1200&ssl=1&resize=700%2C400 2x"},"classes":[]},{"id":3434,"url":"https:\/\/dreamvoyager.fr\/?page_id=3434","url_meta":{"origin":6265,"position":2},"title":"Rodrigo","author":"rodrigo09_01","date":"07\/17\/2018","format":false,"excerpt":"Rodrigo, photographe documentaire, photo-journaliste. N\u00e9 en 1988 dans le d\u00e9partement de l'Amazonas en Colombie. Il traite de sujets sur le pourtour M\u00e9diterran\u00e9en puisqu'il est bas\u00e9 sur Marseille en France. Ses sujets se portent sur un axe social-culturel et environnemental, tout en mettant l'accent sur l'univers du voyage. Il croise \u00e9galement\u2026","rel":"","context":"Article similaire","block_context":{"text":"Article similaire","link":""},"img":{"alt_text":"","src":"https:\/\/i0.wp.com\/dreamvoyager.fr\/wp-content\/uploads\/2019\/01\/coll_1_original-1.jpg?fit=1080%2C1080&ssl=1&resize=350%2C200","width":350,"height":200,"srcset":"https:\/\/i0.wp.com\/dreamvoyager.fr\/wp-content\/uploads\/2019\/01\/coll_1_original-1.jpg?fit=1080%2C1080&ssl=1&resize=350%2C200 1x, https:\/\/i0.wp.com\/dreamvoyager.fr\/wp-content\/uploads\/2019\/01\/coll_1_original-1.jpg?fit=1080%2C1080&ssl=1&resize=525%2C300 1.5x, https:\/\/i0.wp.com\/dreamvoyager.fr\/wp-content\/uploads\/2019\/01\/coll_1_original-1.jpg?fit=1080%2C1080&ssl=1&resize=700%2C400 2x, https:\/\/i0.wp.com\/dreamvoyager.fr\/wp-content\/uploads\/2019\/01\/coll_1_original-1.jpg?fit=1080%2C1080&ssl=1&resize=1050%2C600 3x"},"classes":[]},{"id":4077,"url":"https:\/\/dreamvoyager.fr\/?page_id=4077","url_meta":{"origin":6265,"position":3},"title":"Politique de confidentialit\u00e9","author":"rodrigo09_01","date":"01\/04\/2019","format":false,"excerpt":"Qui sommes-nous\u00a0? L\u2019adresse de notre site Web est\u00a0: https:\/\/dreamvoyager.fr. Utilisation des donn\u00e9es personnelles collect\u00e9es Commentaires Quand vous laissez un commentaire sur notre site web, les donn\u00e9es inscrites dans le formulaire de commentaire, mais aussi votre adresse IP et l\u2019agent utilisateur de votre navigateur sont collect\u00e9s pour nous aider \u00e0 la\u2026","rel":"","context":"Article similaire","block_context":{"text":"Article similaire","link":""},"img":{"alt_text":"","src":"","width":0,"height":0},"classes":[]},{"id":5214,"url":"https:\/\/dreamvoyager.fr\/?page_id=5214","url_meta":{"origin":6265,"position":4},"title":"MadeIn Medell\u00edn","author":"rodrigo09_01","date":"10\/22\/2019","format":false,"excerpt":"Auteurs: Rodrigo & Andr\u00e9s Carmona Arango A partir de deux vues photographiques du m\u00eame territoire, deux extr\u00eames de la ville de Medell\u00edn sont explor\u00e9s, deux comunas (commun\u00e9ment nomm\u00e9e Favelas) , deux barrios pauvres de la ville : le quartier \u00ab\u00a0Independencia 1\u00a0\u00bb (Comuna 13) et le quartier \u00ab\u00a0La Sierra\u00a0\u00bb (Comuna 8).\u2026","rel":"","context":"Article similaire","block_context":{"text":"Article similaire","link":""},"img":{"alt_text":"","src":"https:\/\/i0.wp.com\/dreamvoyager.fr\/wp-content\/uploads\/2019\/10\/51947685_10218748566733698_8356207578467794944_o.jpg?fit=1080%2C720&ssl=1&resize=350%2C200","width":350,"height":200,"srcset":"https:\/\/i0.wp.com\/dreamvoyager.fr\/wp-content\/uploads\/2019\/10\/51947685_10218748566733698_8356207578467794944_o.jpg?fit=1080%2C720&ssl=1&resize=350%2C200 1x, https:\/\/i0.wp.com\/dreamvoyager.fr\/wp-content\/uploads\/2019\/10\/51947685_10218748566733698_8356207578467794944_o.jpg?fit=1080%2C720&ssl=1&resize=525%2C300 1.5x, https:\/\/i0.wp.com\/dreamvoyager.fr\/wp-content\/uploads\/2019\/10\/51947685_10218748566733698_8356207578467794944_o.jpg?fit=1080%2C720&ssl=1&resize=700%2C400 2x, https:\/\/i0.wp.com\/dreamvoyager.fr\/wp-content\/uploads\/2019\/10\/51947685_10218748566733698_8356207578467794944_o.jpg?fit=1080%2C720&ssl=1&resize=1050%2C600 3x"},"classes":[]}],"jetpack_sharing_enabled":true,"_links":{"self":[{"href":"https:\/\/dreamvoyager.fr\/index.php?rest_route=\/wp\/v2\/pages\/6265","targetHints":{"allow":["GET"]}}],"collection":[{"href":"https:\/\/dreamvoyager.fr\/index.php?rest_route=\/wp\/v2\/pages"}],"about":[{"href":"https:\/\/dreamvoyager.fr\/index.php?rest_route=\/wp\/v2\/types\/page"}],"author":[{"embeddable":true,"href":"https:\/\/dreamvoyager.fr\/index.php?rest_route=\/wp\/v2\/users\/1"}],"replies":[{"embeddable":true,"href":"https:\/\/dreamvoyager.fr\/index.php?rest_route=%2Fwp%2Fv2%2Fcomments&post=6265"}],"version-history":[{"count":10,"href":"https:\/\/dreamvoyager.fr\/index.php?rest_route=\/wp\/v2\/pages\/6265\/revisions"}],"predecessor-version":[{"id":6288,"href":"https:\/\/dreamvoyager.fr\/index.php?rest_route=\/wp\/v2\/pages\/6265\/revisions\/6288"}],"wp:attachment":[{"href":"https:\/\/dreamvoyager.fr\/index.php?rest_route=%2Fwp%2Fv2%2Fmedia&parent=6265"}],"curies":[{"name":"wp","href":"https:\/\/api.w.org\/{rel}","templated":true}]}}